{"id":6930,"date":"2024-07-16T11:14:38","date_gmt":"2024-07-16T09:14:38","guid":{"rendered":"https:\/\/biova-france.fr\/commande\/echec-de-la-transaction\/"},"modified":"2024-07-16T11:14:38","modified_gmt":"2024-07-16T09:14:38","slug":"echec-de-la-transaction","status":"publish","type":"page","link":"https:\/\/biova-france.fr\/en\/commande\/echec-de-la-transaction\/","title":{"rendered":"\u00c9chec de la transaction"},"content":{"rendered":"<p>Votre transaction a \u00e9chou\u00e9. Veuillez r\u00e9essayer ou contacter le support du site.<\/p>","protected":false},"excerpt":{"rendered":"<p>Votre transaction a \u00e9chou\u00e9. Veuillez r\u00e9essayer ou contacter le support du site.<\/p>","protected":false},"author":1,"featured_media":0,"parent":6928,"menu_order":0,"comment_status":"closed","ping_status":"closed","template":"","meta":{"iawp_total_views":2,"_glsr_average":0,"_glsr_ranking":0,"_glsr_reviews":0,"footnotes":""},"class_list":["post-6930","page","type-page","status-publish","hentry"],"_links":{"self":[{"href":"https:\/\/biova-france.fr\/en\/wp-json\/wp\/v2\/pages\/6930","targetHints":{"allow":["GET"]}}],"collection":[{"href":"https:\/\/biova-france.fr\/en\/wp-json\/wp\/v2\/pages"}],"about":[{"href":"https:\/\/biova-france.fr\/en\/wp-json\/wp\/v2\/types\/page"}],"author":[{"embeddable":true,"href":"https:\/\/biova-france.fr\/en\/wp-json\/wp\/v2\/users\/1"}],"replies":[{"embeddable":true,"href":"https:\/\/biova-france.fr\/en\/wp-json\/wp\/v2\/comments?post=6930"}],"version-history":[{"count":0,"href":"https:\/\/biova-france.fr\/en\/wp-json\/wp\/v2\/pages\/6930\/revisions"}],"up":[{"embeddable":true,"href":"https:\/\/biova-france.fr\/en\/wp-json\/wp\/v2\/pages\/6928"}],"wp:attachment":[{"href":"https:\/\/biova-france.fr\/en\/wp-json\/wp\/v2\/media?parent=6930"}],"curies":[{"name":"wp","href":"https:\/\/api.w.org\/{rel}","templated":true}]}}